{"id":683,"date":"2022-09-01T15:33:19","date_gmt":"2022-09-01T13:33:19","guid":{"rendered":"https:\/\/fabios.at\/datenschutz\/"},"modified":"2024-03-06T15:21:58","modified_gmt":"2024-03-06T14:21:58","slug":"privacy-statement","status":"publish","type":"page","link":"https:\/\/fabios.at\/en\/privacy-statement\/","title":{"rendered":"Privacy Statement"},"content":{"rendered":"<div class=\"wpb-content-wrapper\"><p>[vc_row][vc_column][vc_column_text css=&#8221;.vc_custom_1671001792616{border-bottom-width: 1px !important;border-bottom-color: #1d1d1d !important;border-bottom-style: solid !important;}&#8221;]<strong>This site is located in Austria, so our privacy statement is in German:<\/strong>[\/vc_column_text][vc_column_text el_class=&#8221;hyphens&#8221;]<\/p>\n<h2>Verantwortlich im Sinne der DSGVO ist:<\/h2>\n<p><strong>FABIO Restaurationsbeteiligungs und -betriebs GmbH<\/strong><br \/>\nTuchlauben 4-6<br \/>\n1010 Wien<br \/>\n<a href=\"tel:004315322222\">+43 (0) 1 532 22 22<\/a><br \/>\n<a class=\"mail-link\" href=\"mailto:fabios@fabios.at\" data-enc-email=\"snovbf[at]snovbf.ng\" data-wpel-link=\"ignore\"><span id=\"wpmt-171246-616389\">fabios@fabios.at<\/span><\/a><\/p>\n<h2>Unseren Datenschutzbeauftragten erreichen sie unter:<\/h2>\n<p><strong>FABIO Restaurationsbeteiligungs und -betriebs GmbH<\/strong><br \/>\nTuchlauben 4-6<br \/>\n1010 Wien<br \/>\n<a href=\"tel:004315322222\">+43 (0) 1 532 22 22<\/a><br \/>\n<a class=\"mail-link\" href=\"mailto:fabios@fabios.at\" data-enc-email=\"snovbf[at]snovbf.ng\" data-wpel-link=\"ignore\"><span id=\"wpmt-171246-616389\">fabios@fabios.at<\/span><\/a><\/p>\n<p>Sollten Sie per E-Mail mit uns Kontakt aufnehmen, werden die mitgeteilten Daten von uns gespeichert, um Ihr Anliegen zu bearbeiten.<\/p>\n<h2>Zu den verarbeiteten Daten z\u00e4hlen:<\/h2>\n<p>Vornamen, Nachnamen, Anrede, bevorzugte Sprache, Telefonnummer, E-Mail-Adresse, Unternehmen (optional) und Reservierungsdatum &amp; -zeit<\/p>\n<p>Wir werden die Daten l\u00f6schen, sobald die Speicherung nicht mehr erforderlich ist oder die Verarbeitung einschr\u00e4nken, falls gesetzliche Aufbewahrungspflichten bestehen.<\/p>\n<h3>SSL- bzw. TLS-Verschl\u00fcsselung<\/h3>\n<p>Diese Seite nutzt aus Sicherheitsgr\u00fcnden und zum Schutz der \u00dcbertragung vertraulicher Inhalte, wie zum Beispiel Bestellungen oder Anfragen, die Sie an uns als Seitenbetreiber senden, eine SSL-bzw. TLS-Verschl\u00fcsselung. Eine verschl\u00fcsselte Verbindung erkennen Sie daran, dass die Adresszeile des Browsers von \u201chttp:\/\/\u201d auf \u201chttps:\/\/\u201d wechselt und an dem Schloss-Symbol in Ihrer Browserzeile. Wenn die SSL- bzw. TLS-Verschl\u00fcsselung aktiviert ist, k\u00f6nnen die Daten, die Sie an uns \u00fcbermitteln, nicht von Dritten mitgelesen werden.<\/p>\n<h3>Hosting &amp; Server Logfiles<\/h3>\n<p>Sofern Sie sich als Besucher weder registrieren noch einloggen, erheben wir in sog. Logfiles folgende Daten, die Ihr Browser \u00fcbermittelt:<br \/>\nIP-Adresse, Datum und Uhrzeit der Anfrage, Zeitzonendifferenz zur Greenwich Mean Time, Inhalt der Anforderung, HTTP-Statuscode, \u00fcbertragene Datenmenge, Website, von der die Anforderung kommt und Informationen zu Browser und Betriebssystem.<\/p>\n<p>Das ist erforderlich, um unsere Website anzuzeigen und die Stabilit\u00e4t und Sicherheit zu gew\u00e4hrleisten. Dies entspricht unserem berechtigten Interesse im Sinne des Art. 6 Abs. 1 S. 1 lit. f DSGVO.<\/p>\n<p>Wir setzen f\u00fcr die Zurverf\u00fcgungstellung unserer Website folgenden Hoster ein: Digimagical GmbH<\/p>\n<p>Dieser ist Empf\u00e4nger Ihrer personenbezogenen Daten und als Auftragsverarbeiter f\u00fcr uns t\u00e4tig. Dies entspricht unserem berechtigten Interesse im Sinne des Art. 6 Abs. 1 S. 1 lit. f DSGVO, selbst keinen Server in unseren R\u00e4umlichkeiten vorhalten zu m\u00fcssen. Serverstandort ist \u00d6sterreich.<\/p>\n<p>Sie haben das Recht der Verarbeitung zu widersprechen. Ob der Widerspruch erfolgreich ist, ist im Rahmen einer Interessenabw\u00e4gung zu ermitteln.<br \/>\nDie Daten werden nach Ablauf von 9 Tagen gel\u00f6scht.<br \/>\nDie Verarbeitung der unter diesem Abschnitt angegebenen Daten ist weder gesetzlich noch vertraglich vorgeschrieben. Die Funktionsf\u00e4higkeit der Website ist ohne die Verarbeitung nicht gew\u00e4hrleistet.<\/p>\n<h3>Cookies<\/h3>\n<p>Wir verwenden Cookies. Bei Cookies handelt es sich um kleine Textdateien, die auf Ihrem Endger\u00e4t bei Aufruf der Seite gespeichert werden. Diese k\u00f6nnen weder Viren noch Schadsoftware auf Ihren Computer \u00fcbertragen, jedoch Informationen enthalten, die eine Identifizierung des Nutzers erm\u00f6glichen:<\/p>\n<h4>Reservierungstool von aleno<\/h4>\n<p>Wir verwenden aleno von der Aleno AG, Steinackerweg 18, 8047 Z\u00fcrich, Schweiz (aleno), um Reservierungen entgegen zu nehmen und zu verwalten.<\/p>\n<p>Daf\u00fcr geben wir im Rahmen der Reservierung folgende personenbezogenen Daten an aleno weiter, sofern diese von Ihnen angegeben werden: Vornamen, Nachnamen, Anrede, bevorzugte Sprache, Telefonnummer, E-Mail-Adresse, Unternehmen, Reservierungsdatum und -zeit<\/p>\n<p>aleno ist Empf\u00e4nger Ihrer personenbezogenen Daten und als Auftragsverarbeiter f\u00fcr uns t\u00e4tig. Die Verarbeitung der unter diesem Abschnitt angegebenen Daten ist weder gesetzlich noch vertraglich vorgeschrieben. Ohne Ihre Einwilligung und die \u00dcbermittlung Ihrer personenbezogenen Daten, k\u00f6nnen Sie nicht online eine Reservierung vornehmen. Sie k\u00f6nnen aber alternativ per E-Mail oder telefonisch Reservieren.<\/p>\n<p>Rechtsgrundlage ist, soweit es f\u00fcr die Vertragserf\u00fcllung oder die Durchf\u00fchrung vorvertraglicher Pflichten erforderlich ist (Art. 6 Abs. 1 lit b. DSGVO), f\u00fcr freiwillig gemachte Angaben (Art. 6 Abs. 1 lit b. DSGVO). Die Einwilligung zur Verarbeitung freiwilliger Angaben k\u00f6nnen Sie jederzeit widerrufen.<\/p>\n<p>Weitere Informationen zu Widerspruchs- und Beseitigungsm\u00f6glichkeiten gegen\u00fcber aleno finden Sie unter: <a href=\"https:\/\/www.aleno.me\/de\/policy#DataPrivacySoftware\" target=\"_blank\" rel=\"noopener\">https:\/\/www.aleno.me\/de\/policy#DataPrivacySoftware<\/a><\/p>\n<h4>Verwendung von Google Analytics:<\/h4>\n<p>Diese Webseite benutzt Google Analytics, einen Webanalysedienst der Google Inc. (folgend: Google). Google Analytics verwendet sog. \u201eCookies\u201c, also Textdateien, die auf Ihrem Computer gespeichert werden und die eine Analyse der Benutzung der Webseite durch Sie erm\u00f6glichen. Die durch das Cookie erzeugten Informationen \u00fcber Ihre Benutzung dieser Webseite werden in der Regel an einen Server von Google in den USA \u00fcbertragen und dort gespeichert. Aufgrund der Aktivierung der IP-Anonymisierung auf diesen Webseiten, wird Ihre IP-Adresse von Google jedoch innerhalb von Mitgliedstaaten der Europ\u00e4ischen Union oder in anderen Vertragsstaaten des Abkommens \u00fcber den Europ\u00e4ischen Wirtschaftsraum zuvor gek\u00fcrzt. Nur in Ausnahmef\u00e4llen wird die volle IP-Adresse an einen Server von Google in den USA \u00fcbertragen und dort gek\u00fcrzt. Im Auftrag des Betreibers dieser Webseite wird Google diese Informationen benutzen, um Ihre Nutzung der Webseite auszuwerten, um Reports \u00fcber die Webseitenaktivit\u00e4ten zusammenzustellen und um weitere mit der Webseitennutzung und der Internetnutzung verbundene Dienstleistungen gegen\u00fcber dem Webseitenbetreiber zu erbringen. Die im Rahmen von Google Analytics von Ihrem Browser \u00fcbermittelte IP-Adresse wird nicht mit anderen Daten von Google zusammengef\u00fchrt.<\/p>\n<p>Sie k\u00f6nnen die Speicherung der Cookies durch eine entsprechende Einstellung Ihrer Browser-Software verhindern; wir weisen Sie jedoch darauf hin, dass Sie in diesem Fall gegebenenfalls nicht s\u00e4mtliche Funktionen dieser Webseite vollumf\u00e4nglich werden nutzen k\u00f6nnen. Sie k\u00f6nnen dar\u00fcber hinaus die Erfassung der durch das Cookie erzeugten und auf Ihre Nutzung der Webseite bezogenen Daten (inkl. Ihrer IP-Adresse) an Google sowie die Verarbeitung dieser Daten durch Google verhindern, indem sie das unter dem folgenden Link verf\u00fcgbare Browser-Plugin herunterladen und installieren:\u00a0<a href=\"https:\/\/tools.google.com\/dlpage\/gaoptout?hl=de\" target=\"_blank\" rel=\"noopener\">https:\/\/tools.google.com\/dlpage\/gaoptout?hl=de<\/a>\u00a0Browser-Add-on zur Deaktivierung von Google Analytics.<\/p>\n<p>Zus\u00e4tzlich oder als Alternative zum Browser-Add-On k\u00f6nnen Sie das Tracking durch Google Analytics auf unseren Seiten unterbinden, indem Sie diesen Link anklicken (Tracking beenden). Dabei wird ein\u00a0Opt-Out-Cookie auf Ihrem Ger\u00e4t installiert. Damit wird die Erfassung durch Google Analytics f\u00fcr diese Website und f\u00fcr diesen Browser zuk\u00fcnftig verhindert, so lange der Cookie in Ihrem Browser installiert bleibt.<\/p>\n<h4>Verwendung von Google Maps:<\/h4>\n<p>Diese Webseite verwendet Google Maps API, um geographische Informationen visuell darzustellen. Bei der Nutzung von Google Maps werden von Google auch Daten \u00fcber die Nutzung der Kartenfunktionen durch Besucher erhoben, verarbeitet und genutzt. N\u00e4here Informationen \u00fcber die Datenverarbeitung durch Google k\u00f6nnen Sie den Google-Datenschutzhinweisen (<a href=\"https:\/\/policies.google.com\/privacy\" target=\"_blank\" rel=\"noopener\">https:\/\/policies.google.com\/privacy<\/a>)entnehmen. Dort k\u00f6nnen Sie im Datenschutzcenter auch Ihre pers\u00f6nlichen Datenschutz-Einstellungen ver\u00e4ndern.<\/p>\n<p>Ausf\u00fchrliche Anleitungen zur Verwaltung der eigenen Daten im Zusammenhang mit Google-Produkten finden Sie unter folgendem Link:\u00a0<a href=\"https:\/\/support.google.com\/accounts\/answer\/3024190\" target=\"_blank\" rel=\"noopener\">https:\/\/support.google.com\/accounts\/answer\/3024190<\/a><\/p>\n<h2>Ihre Rechte<\/h2>\n<p>Ihnen stehen grunds\u00e4tzlich die Rechte auf Auskunft, Berichtigung, L\u00f6schung, Einschr\u00e4nkung, Daten\u00fcbertragbarkeit, Widerruf und Widerspruch zu. Wenn Sie glauben, dass die Verarbeitung Ihrer Daten gegen das Datenschutzrecht verst\u00f6\u00dft oder Ihre datenschutzrechtlichen Anspr\u00fcche sonst in einer Weise verletzt worden sind, k\u00f6nnen Sie sich bei der Aufsichtsbeh\u00f6rde beschweren. In \u00d6sterreich ist dies die Datenschutzbeh\u00f6rde.<\/p>\n<h2>Sie erreichen uns unter folgenden Kontaktdaten:<\/h2>\n<p><strong>FABIO Restaurationsbeteiligungs und -betriebs GmbH<\/strong><br \/>\nTuchlauben 4-6<br \/>\n1010 Wien<\/p>\n<p><a href=\"tel:004315322222\">+43 (0) 1 532 22 22<\/a><br \/>\n<a class=\"mail-link\" href=\"mailto:fabios@fabios.at\" data-enc-email=\"snovbf[at]snovbf.ng\" data-wpel-link=\"ignore\"><span id=\"wpmt-171246-616389\">fabios@fabios.at<\/span><\/a><br \/>\n<a href=\"https:\/\/www.facebook.com\/fabios.restaurant\" target=\"_blank\" rel=\"noreferrer noopener\">facebook.com\/fabios.restaurant<\/a>[\/vc_column_text][\/vc_column][\/vc_row]<\/p>\n<\/div>","protected":false},"excerpt":{"rendered":"<p>[vc_row][vc_column][vc_column_text css=&#8221;.vc_custom_1671001792616{border-bottom-width: 1px !important;border-bottom-color: #1d1d1d !important;border-bottom-style: solid !important;}&#8221;]This site is located in Austria, so our privacy statement is in German:[\/vc_column_text][vc_column_text el_class=&#8221;hyphens&#8221;] Verantwortlich im Sinne der DSGVO ist: FABIO Restaurationsbeteiligungs und -betriebs GmbH Tuchlauben 4-6 1010 Wien +43 (0) 1 532 22 22 fabios@fabios.at Unseren Datenschutzbeauftragten erreichen sie unter: FABIO Restaurationsbeteiligungs und -betriebs GmbH Tuchlauben 4-6 [&hellip;]<\/p>\n","protected":false},"author":1,"featured_media":0,"parent":0,"menu_order":0,"comment_status":"closed","ping_status":"closed","template":"","meta":{"_acf_changed":false,"footnotes":""},"class_list":["post-683","page","type-page","status-publish","hentry"],"acf":[],"_links":{"self":[{"href":"https:\/\/fabios.at\/en\/wp-json\/wp\/v2\/pages\/683","targetHints":{"allow":["GET"]}}],"collection":[{"href":"https:\/\/fabios.at\/en\/wp-json\/wp\/v2\/pages"}],"about":[{"href":"https:\/\/fabios.at\/en\/wp-json\/wp\/v2\/types\/page"}],"author":[{"embeddable":true,"href":"https:\/\/fabios.at\/en\/wp-json\/wp\/v2\/users\/1"}],"replies":[{"embeddable":true,"href":"https:\/\/fabios.at\/en\/wp-json\/wp\/v2\/comments?post=683"}],"version-history":[{"count":5,"href":"https:\/\/fabios.at\/en\/wp-json\/wp\/v2\/pages\/683\/revisions"}],"predecessor-version":[{"id":1053,"href":"https:\/\/fabios.at\/en\/wp-json\/wp\/v2\/pages\/683\/revisions\/1053"}],"wp:attachment":[{"href":"https:\/\/fabios.at\/en\/wp-json\/wp\/v2\/media?parent=683"}],"curies":[{"name":"wp","href":"https:\/\/api.w.org\/{rel}","templated":true}]}}